{"id":51306,"date":"2025-08-26T14:03:55","date_gmt":"2025-08-26T12:03:55","guid":{"rendered":"https:\/\/www.seleneshop.net\/shop\/non class\u00e9\/bougie-esoterique-amour-passionne-flamme-du-desir\/"},"modified":"2026-02-01T03:36:03","modified_gmt":"2026-02-01T02:36:03","slug":"bougie-esoterique-amour-passionne-flamme-du-desir","status":"publish","type":"product","link":"https:\/\/www.seleneshop.net\/fr\/shop\/bougies\/bougie-esoterique-amour-passionne-flamme-du-desir\/","title":{"rendered":"Bougie \u00e9sot\u00e9rique Amour passionn\u00e9 &#8211; Flamme du d\u00e9sir"},"content":{"rendered":"<h2>Bougie \u00e9sot\u00e9rique Amour passionn\u00e9 &#8211; Flamme du d\u00e9sir<\/h2>\n<h3 data-start=\"1232\" data-end=\"1473\"><strong data-start=\"1232\" data-end=\"1358\">Voulez-vous faire jaillir une \u00e9tincelle ? Vous voulez \u00e9veiller la passion, le d\u00e9sir et le magn\u00e9tisme dans une relation ou une nouvelle rencontre ? <\/strong><\/h3>\n<p data-start=\"1232\" data-end=\"1473\">La <em data-start=\"1364\" data-end=\"1402\">bougie \u00e9sot\u00e9rique Amore Passionale<\/em> est votre alli\u00e9e magique pour r\u00e9veiller l&#8217;\u00e9ros et revitaliser l&#8217;intimit\u00e9.<\/p>\n<p data-start=\"1475\" data-end=\"1834\">Ritualis\u00e9e avec soin et amour, cette bougie rouge est <strong data-start=\"1540\" data-end=\"1550\">fabriqu\u00e9e \u00e0 la main<\/strong> dans un r\u00e9cipient en forme de c\u0153ur et remplie d&#8217;<strong data-start=\"1603\" data-end=\"1633\">huiles essentielles aphrodisiaques<\/strong>, de <strong data-start=\"1635\" data-end=\"1655\">couleurs symboliques<\/strong> et de <strong data-start=\"1658\" data-end=\"1681\">mantras \u00e9nergisants<\/strong>.<br data-start=\"1682\" data-end=\"1685\">Parfaite pour les rituels de couple, les sorts d&#8217;attraction ou simplement pour cr\u00e9er une atmosph\u00e8re \u00e9rotique charg\u00e9e de tension positive.<\/p>\n<p data-start=\"1836\" data-end=\"2015\">Chaque bougie est <strong data-start=\"1855\" data-end=\"1886\">programm\u00e9e \u00e9nerg\u00e9tiquement<\/strong> pour travailler sur le chakra sacr\u00e9 et le feu int\u00e9rieur, en lib\u00e9rant les blocages li\u00e9s au plaisir, \u00e0 la sensualit\u00e9 et \u00e0 l&#8217;amour charnel.<\/p>\n<ul>\n<li data-start=\"911\" data-end=\"950\">\n<p data-start=\"913\" data-end=\"950\">\u2764\ufe0f Attire la passion, le d\u00e9sir et l&#8217;\u00e9ros<\/p>\n<\/li>\n<li data-start=\"951\" data-end=\"993\">\n<p data-start=\"953\" data-end=\"993\">\ud83d\udd25 Am\u00e9liore les rituels amoureux et la sexualit\u00e9<\/p>\n<\/li>\n<li data-start=\"994\" data-end=\"1039\">\n<p data-start=\"996\" data-end=\"1039\">\ud83c\udf3a Fabriqu\u00e9 avec des huiles et des couleurs ritualis\u00e9es<\/p>\n<\/li>\n<li data-start=\"1040\" data-end=\"1080\">\n<p data-start=\"1042\" data-end=\"1080\">\ud83d\udd6f\ufe0f Contenant en forme de c\u0153ur rouge<\/p>\n<\/li>\n<li data-start=\"1081\" data-end=\"1125\">\n<p data-start=\"1083\" data-end=\"1125\">\ud83e\uddd9\u200d\u2640\ufe0f Activ\u00e9 par l&#8217;\u00e9nergie lunaire et le mantra<\/p>\n<\/li>\n<li data-start=\"1126\" data-end=\"1172\">\n<p data-start=\"1128\" data-end=\"1172\">\ud83c\uddee\ud83c\uddf9 Fabriqu\u00e9 \u00e0 la main par Selene Shop \u00e0 partir de <strong>100% de cire de soja de haute qualit\u00e9<\/strong><\/p>\n<\/li>\n<\/ul>\n<p>&nbsp;<\/p>\n<p>&nbsp;<\/p>\n","protected":false},"excerpt":{"rendered":"<p data-start=\"784\" data-end=\"861\">Bougie \u00e9sot\u00e9rique Amour passionn\u00e9 &#8211; Pour \u00e9veiller le d\u00e9sir et l&#8217;attraction<\/p>\n","protected":false},"featured_media":51302,"comment_status":"open","ping_status":"closed","template":"","meta":{"_acf_changed":false},"product_brand":[],"product_cat":[878],"product_tag":[1897,1883,6079],"class_list":{"0":"post-51306","1":"product","2":"type-product","3":"status-publish","4":"has-post-thumbnail","6":"product_cat-bougies","7":"product_tag-amour","8":"product_tag-bougie","9":"product_tag-passionne","11":"first","12":"instock","13":"shipping-taxable","14":"purchasable","15":"product-type-simple"},"acf":[],"_links":{"self":[{"href":"https:\/\/www.seleneshop.net\/fr\/wp-json\/wp\/v2\/product\/51306","targetHints":{"allow":["GET"]}}],"collection":[{"href":"https:\/\/www.seleneshop.net\/fr\/wp-json\/wp\/v2\/product"}],"about":[{"href":"https:\/\/www.seleneshop.net\/fr\/wp-json\/wp\/v2\/types\/product"}],"replies":[{"embeddable":true,"href":"https:\/\/www.seleneshop.net\/fr\/wp-json\/wp\/v2\/comments?post=51306"}],"wp:featuredmedia":[{"embeddable":true,"href":"https:\/\/www.seleneshop.net\/fr\/wp-json\/wp\/v2\/media\/51302"}],"wp:attachment":[{"href":"https:\/\/www.seleneshop.net\/fr\/wp-json\/wp\/v2\/media?parent=51306"}],"wp:term":[{"taxonomy":"product_brand","embeddable":true,"href":"https:\/\/www.seleneshop.net\/fr\/wp-json\/wp\/v2\/product_brand?post=51306"},{"taxonomy":"product_cat","embeddable":true,"href":"https:\/\/www.seleneshop.net\/fr\/wp-json\/wp\/v2\/product_cat?post=51306"},{"taxonomy":"product_tag","embeddable":true,"href":"https:\/\/www.seleneshop.net\/fr\/wp-json\/wp\/v2\/product_tag?post=51306"}],"curies":[{"name":"wp","href":"https:\/\/api.w.org\/{rel}","templated":true}]}}