{"id":51502,"date":"2025-09-10T15:35:17","date_gmt":"2025-09-10T13:35:17","guid":{"rendered":"https:\/\/www.seleneshop.net\/shop\/non class\u00e9\/bougie-damour-romantique\/"},"modified":"2026-02-01T03:36:03","modified_gmt":"2026-02-01T02:36:03","slug":"bougie-damour-romantique","status":"publish","type":"product","link":"https:\/\/www.seleneshop.net\/fr\/shop\/bougies\/bougie-damour-romantique\/","title":{"rendered":"Bougie d&#8217;amour romantique"},"content":{"rendered":"<h2>Bougie \u00e9sot\u00e9rique Amour romantique &#8211; Connexion du c\u0153ur<\/h2>\n<p data-start=\"1204\" data-end=\"1472\"><strong data-start=\"1204\" data-end=\"1336\">Avez-vous besoin de douceur, d&#8217;\u00e9coute et de connexion dans votre relation ? Ou souhaitez-vous attirer une relation romantique, stable et sinc\u00e8re ? <\/strong><br data-start=\"1336\" data-end=\"1339\">La <em data-start=\"1342\" data-end=\"1379\">bougie Romantic Love<\/em> est con\u00e7ue pour ceux qui recherchent une connexion sinc\u00e8re bas\u00e9e sur la tendresse, la confiance et la pr\u00e9sence \u00e9motionnelle.<\/p>\n<p data-start=\"1474\" data-end=\"1712\">Ritualis\u00e9e selon d&#8217;anciennes formules \u00e9sot\u00e9riques, cette bougie est fabriqu\u00e9e \u00e0 la main avec des <strong data-start=\"1562\" data-end=\"1594\">essences de fleurs s\u00e9lectionn\u00e9es<\/strong>, symboles de l&#8217;amour pur et romantique, et charg\u00e9e d&#8217;<strong data-start=\"1646\" data-end=\"1664\">\u00e9nergie lunaire<\/strong> pour agir en profondeur sur le plan \u00e9motionnel.<\/p>\n<p data-start=\"1714\" data-end=\"1729\">Il est parfait pour :<\/p>\n<ul data-start=\"1730\" data-end=\"1934\">\n<li data-start=\"1730\" data-end=\"1785\">\n<p data-start=\"1732\" data-end=\"1785\">ceux qui souhaitent attirer un amour durable et respectueux ;<\/p>\n<\/li>\n<li data-start=\"1730\" data-end=\"1785\">\n<p data-start=\"1732\" data-end=\"1785\">les couples qui souhaitent renforcer leur compr\u00e9hension et leur douceur au quotidien ;<\/p>\n<\/li>\n<li data-start=\"1854\" data-end=\"1934\">\n<p data-start=\"1856\" data-end=\"1934\">des personnes qui se pr\u00e9parent \u00e0 ouvrir leur c\u0153ur \u00e0 une relation authentique.<\/p>\n<\/li>\n<\/ul>\n<p data-start=\"1936\" data-end=\"2111\">La bougie est log\u00e9e dans un pot rouge fonc\u00e9 avec une image en forme de c\u0153ur repr\u00e9sentant <strong data-start=\"2039\" data-end=\"2063\">les niveaux de l&#8217;\u00e2me<\/strong> qui s&#8217;ouvrent gr\u00e2ce \u00e0 des sentiments sinc\u00e8res.<\/p>\n<ul>\n<li data-start=\"813\" data-end=\"860\">\n<p data-start=\"815\" data-end=\"860\">\ud83d\udc97 Favorise un amour doux, stable et sinc\u00e8re<\/p>\n<\/li>\n<li data-start=\"861\" data-end=\"916\">\n<p data-start=\"863\" data-end=\"916\">\ud83c\udf19 Id\u00e9al pour les rituels de couple et l&#8217;harmonie \u00e9motionnelle<\/p>\n<\/li>\n<li data-start=\"917\" data-end=\"967\">\n<p data-start=\"919\" data-end=\"967\">\ud83c\udf38 Infus\u00e9 d&#8217;essences florales et de notes d\u00e9licates<\/p>\n<\/li>\n<li data-start=\"968\" data-end=\"1024\">\n<p data-start=\"970\" data-end=\"1024\">\ud83d\udd6f\ufe0f Dans un \u00e9l\u00e9gant pot rouge avec un c\u0153ur \u00e9nerg\u00e9tique<\/p>\n<\/li>\n<li data-start=\"1025\" data-end=\"1078\">\n<p data-start=\"1027\" data-end=\"1078\">Activ\u00e9 par l&#8217;\u00e9nergie lunaire et l&#8217;intention magique<\/p>\n<\/li>\n<li data-start=\"1079\" data-end=\"1144\">\n<p data-start=\"1081\" data-end=\"1144\"><strong>\ud83c\uddee\ud83c\uddf9 Fabriqu\u00e9 \u00e0 la main \u00e0 partir de cire 100% soja avec la formule exclusive de Selene Shop<\/strong><\/p>\n<\/li>\n<\/ul>\n<p data-start=\"1936\" data-end=\"2111\">Allumez cette bougie le c\u0153ur ouvert. Visualisez la bonne personne qui s&#8217;approche doucement de vous. Sentez l&#8217;amour couler, sans contrainte, comme un cadeau naturel. Laissez-le entrer.   <\/p>\n<p data-start=\"448\" data-end=\"504\">\n<h4 data-start=\"506\" data-end=\"552\"><\/h4>\n","protected":false},"excerpt":{"rendered":"<p>Bougie \u00e9sot\u00e9rique Amour romantique &#8211; Se connecter \u00e0 l&#8217;amour v\u00e9ritable<\/p>\n","protected":false},"featured_media":51498,"comment_status":"open","ping_status":"closed","template":"","meta":{"_acf_changed":false},"product_brand":[],"product_cat":[878],"product_tag":[1897,1883,6083,6045],"class_list":{"0":"post-51502","1":"product","2":"type-product","3":"status-publish","4":"has-post-thumbnail","6":"product_cat-bougies","7":"product_tag-amour","8":"product_tag-bougie","9":"product_tag-romantique","10":"product_tag-soja","12":"first","13":"instock","14":"shipping-taxable","15":"purchasable","16":"product-type-simple"},"acf":[],"_links":{"self":[{"href":"https:\/\/www.seleneshop.net\/fr\/wp-json\/wp\/v2\/product\/51502","targetHints":{"allow":["GET"]}}],"collection":[{"href":"https:\/\/www.seleneshop.net\/fr\/wp-json\/wp\/v2\/product"}],"about":[{"href":"https:\/\/www.seleneshop.net\/fr\/wp-json\/wp\/v2\/types\/product"}],"replies":[{"embeddable":true,"href":"https:\/\/www.seleneshop.net\/fr\/wp-json\/wp\/v2\/comments?post=51502"}],"wp:featuredmedia":[{"embeddable":true,"href":"https:\/\/www.seleneshop.net\/fr\/wp-json\/wp\/v2\/media\/51498"}],"wp:attachment":[{"href":"https:\/\/www.seleneshop.net\/fr\/wp-json\/wp\/v2\/media?parent=51502"}],"wp:term":[{"taxonomy":"product_brand","embeddable":true,"href":"https:\/\/www.seleneshop.net\/fr\/wp-json\/wp\/v2\/product_brand?post=51502"},{"taxonomy":"product_cat","embeddable":true,"href":"https:\/\/www.seleneshop.net\/fr\/wp-json\/wp\/v2\/product_cat?post=51502"},{"taxonomy":"product_tag","embeddable":true,"href":"https:\/\/www.seleneshop.net\/fr\/wp-json\/wp\/v2\/product_tag?post=51502"}],"curies":[{"name":"wp","href":"https:\/\/api.w.org\/{rel}","templated":true}]}}