{"id":51513,"date":"2025-09-10T16:23:25","date_gmt":"2025-09-10T14:23:25","guid":{"rendered":"https:\/\/www.seleneshop.net\/shop\/non%20class\u00e9\/le-rituel-dattraction-de-lilith\/"},"modified":"2026-02-01T03:36:03","modified_gmt":"2026-02-01T02:36:03","slug":"le-rituel-dattraction-de-lilith","status":"publish","type":"product","link":"https:\/\/www.seleneshop.net\/fr\/shop\/kits-rituels\/le-rituel-dattraction-de-lilith\/","title":{"rendered":"Le rituel d&#8217;attraction de Lilith"},"content":{"rendered":"<h2>Le rituel d&#8217;attraction de Lilith<\/h2>\n<h3>Rituel de la pomme et du serpent<\/h3>\n<p data-start=\"487\" data-end=\"909\">Le <em data-start=\"490\" data-end=\"525\">rituel d&#8217;attraction de Lilith, de la pomme et du serpent<\/em> est un ancien enchantement inspir\u00e9 du mythe \u00e9d\u00e9nique et des forces de Lilith. Il combine le symbolisme de la <strong data-start=\"622\" data-end=\"636\">pomme rouge<\/strong> &#8211; fruit de la connaissance et du d\u00e9sir &#8211; avec le pouvoir du <strong data-start=\"699\" data-end=\"711\">serpent<\/strong>, gardien de la passion et de la transgression.<br data-start=\"758\" data-end=\"761\">Ce rituel d\u00e9clenche un magn\u00e9tisme irr\u00e9sistible, r\u00e9veillant l&#8217;\u00e9ros primordial et le pouvoir d&#8217;attraction sexuelle entre vous et la personne d\u00e9sir\u00e9e.<\/p>\n<h2 data-start=\"916\" data-end=\"930\">\u2726 B\u00e9n\u00e9fices rituels pour l&#8217;attraction sexuelle, la passion et le magn\u00e9tisme interdit<\/h2>\n<ul data-start=\"931\" data-end=\"1162\">\n<li data-start=\"931\" data-end=\"983\">\n<p data-start=\"933\" data-end=\"983\">Eveil de la passion et du d\u00e9sir charnel<\/p>\n<\/li>\n<li data-start=\"984\" data-end=\"1020\">\n<p data-start=\"986\" data-end=\"1020\">Magn\u00e9tisme personnel et s\u00e9duction<\/p>\n<\/li>\n<li data-start=\"1021\" data-end=\"1064\">\n<p data-start=\"1023\" data-end=\"1064\">Souvenirs d&#8217;amours intenses et bouleversants<\/p>\n<\/li>\n<li data-start=\"1065\" data-end=\"1162\">\n<p data-start=\"1067\" data-end=\"1162\">Connexion avec l&#8217;arch\u00e9type de <strong data-start=\"1098\" data-end=\"1108\">Lilith<\/strong>, la force libre et rebelle de la f\u00e9minit\u00e9 sombre.<\/p>\n<\/li>\n<\/ul>\n<ul>\n<li data-start=\"1919\" data-end=\"2029\">\n<p data-start=\"1921\" data-end=\"2029\">Ce rituel agit sur l&#8217;<strong data-start=\"1948\" data-end=\"1970\">attirance \u00e9rotique<\/strong>; il ne garantit pas un amour durable ou des relations \u00e9quilibr\u00e9es.<\/p>\n<\/li>\n<li data-start=\"2030\" data-end=\"2133\">\n<p data-start=\"2032\" data-end=\"2133\">L&#8217;\u00e9nergie invoqu\u00e9e est intense et peut r\u00e9veiller des passions d\u00e9mesur\u00e9es ou des liens difficiles \u00e0 rompre.<\/p>\n<\/li>\n<\/ul>\n<h3 data-start=\"2220\" data-end=\"2236\">\u2b50 Id\u00e9al pour<\/h3>\n<ul data-start=\"2237\" data-end=\"2417\">\n<li data-start=\"2237\" data-end=\"2292\">\n<p data-start=\"2239\" data-end=\"2292\">Qui veut faire na\u00eetre la passion dans une relation<\/p>\n<\/li>\n<li data-start=\"2293\" data-end=\"2345\">\n<p data-start=\"2295\" data-end=\"2345\">Qui veut attirer une connexion charnelle et magn\u00e9tique ?<\/p>\n<\/li>\n<li data-start=\"2346\" data-end=\"2417\">\n<p data-start=\"2348\" data-end=\"2417\">Ceux qui se sentent en affinit\u00e9 avec les \u00e9nergies de Lilith et du &#8220;fruit d\u00e9fendu&#8221;.<\/p>\n<\/li>\n<\/ul>\n<p>&nbsp;<\/p>\n","protected":false},"excerpt":{"rendered":"<p>Le rituel d&#8217;attraction de Lilith Rituel de la pomme et du serpent Le rituel d&#8217;attraction de Lilith, de la pomme et du serpent est un ancien enchantement inspir\u00e9 du mythe \u00e9d\u00e9nique et des forces de Lilith. Il combine le symbolisme de la pomme rouge &#8211; fruit de la connaissance et du d\u00e9sir &#8211; avec le [&hellip;]<\/p>\n","protected":false},"featured_media":51508,"comment_status":"open","ping_status":"closed","template":"","meta":{"_acf_changed":false},"product_brand":[],"product_cat":[910],"product_tag":[4362,1965,6088,2089,5993],"class_list":{"0":"post-51513","1":"product","2":"type-product","3":"status-publish","4":"has-post-thumbnail","6":"product_cat-kits-rituels","7":"product_tag-attraction-fr","8":"product_tag-lilith-fr","9":"product_tag-pomme","10":"product_tag-rituel","11":"product_tag-serpent","13":"first","14":"instock","15":"shipping-taxable","16":"purchasable","17":"product-type-simple"},"acf":[],"_links":{"self":[{"href":"https:\/\/www.seleneshop.net\/fr\/wp-json\/wp\/v2\/product\/51513","targetHints":{"allow":["GET"]}}],"collection":[{"href":"https:\/\/www.seleneshop.net\/fr\/wp-json\/wp\/v2\/product"}],"about":[{"href":"https:\/\/www.seleneshop.net\/fr\/wp-json\/wp\/v2\/types\/product"}],"replies":[{"embeddable":true,"href":"https:\/\/www.seleneshop.net\/fr\/wp-json\/wp\/v2\/comments?post=51513"}],"wp:featuredmedia":[{"embeddable":true,"href":"https:\/\/www.seleneshop.net\/fr\/wp-json\/wp\/v2\/media\/51508"}],"wp:attachment":[{"href":"https:\/\/www.seleneshop.net\/fr\/wp-json\/wp\/v2\/media?parent=51513"}],"wp:term":[{"taxonomy":"product_brand","embeddable":true,"href":"https:\/\/www.seleneshop.net\/fr\/wp-json\/wp\/v2\/product_brand?post=51513"},{"taxonomy":"product_cat","embeddable":true,"href":"https:\/\/www.seleneshop.net\/fr\/wp-json\/wp\/v2\/product_cat?post=51513"},{"taxonomy":"product_tag","embeddable":true,"href":"https:\/\/www.seleneshop.net\/fr\/wp-json\/wp\/v2\/product_tag?post=51513"}],"curies":[{"name":"wp","href":"https:\/\/api.w.org\/{rel}","templated":true}]}}