{"id":51932,"date":"2025-10-04T16:55:01","date_gmt":"2025-10-04T14:55:01","guid":{"rendered":"https:\/\/www.seleneshop.net\/shop\/non class\u00e9\/rituel-de-malediction\/"},"modified":"2026-02-01T03:36:02","modified_gmt":"2026-02-01T02:36:02","slug":"rituel-de-malediction","status":"publish","type":"product","link":"https:\/\/www.seleneshop.net\/fr\/shop\/rituels-puissants\/rituel-de-malediction\/","title":{"rendered":"Rituel de mal\u00e9diction"},"content":{"rendered":"<h2>Rituel de mal\u00e9diction puissant<\/h2>\n<p>Lib\u00e9rez la puissance de cet excellent rituel de mal\u00e9diction pour maudire une seule personne qui a l&#8217;intention de mettre votre chemin en p\u00e9ril ou de vous causer du tort.<\/p>\n<p>Le puissant rituel de mal\u00e9diction g\u00e9n\u00e9rique est con\u00e7u pour conna\u00eetre, bloquer et \u00e9carter les personnes n\u00e9gatives, afin de s&#8217;assurer qu&#8217;elles restent \u00e0 l&#8217;\u00e9cart de votre chemin de vie.<\/p>\n<p>Ce puissant kit de c\u00e9r\u00e9monie comprend une bougie noire en forme de cr\u00e2ne, qui symbolise la rupture avec les \u00e9nergies sombres et le renouveau spirituel. Le dessin d\u00e9taill\u00e9 \u00e9voque la figure de la mort en tant que force tranchante et transformatrice. La longue bougie violette invoque le pouvoir de la purification et de la transmutation, une couleur associ\u00e9e \u00e0 la lib\u00e9ration et au changement.<br \/>\nInstructions compl\u00e8tes.  <\/p>\n","protected":false},"excerpt":{"rendered":"<p>Rituel de mal\u00e9diction puissant Lib\u00e9rez la puissance de cet excellent rituel de mal\u00e9diction pour maudire une seule personne qui a l&#8217;intention de mettre votre chemin en p\u00e9ril ou de vous causer du tort. Le puissant rituel de mal\u00e9diction g\u00e9n\u00e9rique est con\u00e7u pour conna\u00eetre, bloquer et \u00e9carter les personnes n\u00e9gatives, afin de s&#8217;assurer qu&#8217;elles restent \u00e0 [&hellip;]<\/p>\n","protected":false},"featured_media":51927,"comment_status":"open","ping_status":"closed","template":"","meta":{"_acf_changed":false},"product_brand":[],"product_cat":[4356,910],"product_tag":[3125,2089],"class_list":{"0":"post-51932","1":"product","2":"type-product","3":"status-publish","4":"has-post-thumbnail","6":"product_cat-rituels-puissants","7":"product_cat-kits-rituels","8":"product_tag-meldition","9":"product_tag-rituel","11":"first","12":"instock","13":"shipping-taxable","14":"purchasable","15":"product-type-simple"},"acf":[],"_links":{"self":[{"href":"https:\/\/www.seleneshop.net\/fr\/wp-json\/wp\/v2\/product\/51932","targetHints":{"allow":["GET"]}}],"collection":[{"href":"https:\/\/www.seleneshop.net\/fr\/wp-json\/wp\/v2\/product"}],"about":[{"href":"https:\/\/www.seleneshop.net\/fr\/wp-json\/wp\/v2\/types\/product"}],"replies":[{"embeddable":true,"href":"https:\/\/www.seleneshop.net\/fr\/wp-json\/wp\/v2\/comments?post=51932"}],"wp:featuredmedia":[{"embeddable":true,"href":"https:\/\/www.seleneshop.net\/fr\/wp-json\/wp\/v2\/media\/51927"}],"wp:attachment":[{"href":"https:\/\/www.seleneshop.net\/fr\/wp-json\/wp\/v2\/media?parent=51932"}],"wp:term":[{"taxonomy":"product_brand","embeddable":true,"href":"https:\/\/www.seleneshop.net\/fr\/wp-json\/wp\/v2\/product_brand?post=51932"},{"taxonomy":"product_cat","embeddable":true,"href":"https:\/\/www.seleneshop.net\/fr\/wp-json\/wp\/v2\/product_cat?post=51932"},{"taxonomy":"product_tag","embeddable":true,"href":"https:\/\/www.seleneshop.net\/fr\/wp-json\/wp\/v2\/product_tag?post=51932"}],"curies":[{"name":"wp","href":"https:\/\/api.w.org\/{rel}","templated":true}]}}