{"id":52790,"date":"2026-01-29T20:30:43","date_gmt":"2026-01-29T19:30:43","guid":{"rendered":"https:\/\/www.seleneshop.net\/shop\/non class\u00e9\/baguette-radiesthetic-bobber\/"},"modified":"2026-01-29T20:33:11","modified_gmt":"2026-01-29T19:33:11","slug":"baguette-radiesthetic-bobber","status":"publish","type":"product","link":"https:\/\/www.seleneshop.net\/fr\/shop\/radiesthesie\/baguette-radiesthetic-bobber\/","title":{"rendered":"Baguette radiesthetic bobber"},"content":{"rendered":"<h2 data-start=\"176\" data-end=\"234\"><strong data-start=\"182\" data-end=\"229\">Baguette de radiesth\u00e9sie Bobber professionnelle<\/strong><\/h2>\n<h3 data-start=\"235\" data-end=\"322\"><em data-start=\"239\" data-end=\"322\">Instrument de pr\u00e9cision pour la radiesth\u00e9sie, la recherche \u00e9nerg\u00e9tique et la radiesth\u00e9sie subtile<\/em><\/h3>\n<p data-start=\"362\" data-end=\"667\">La <strong data-start=\"365\" data-end=\"398\">baguette Radiesthetic Bobber<\/strong> est un outil raffin\u00e9 con\u00e7u pour les \u00e9nerg\u00e9ticiens, les radiesth\u00e9sistes et les chercheurs de vibrations subtiles. Sa structure souple, associ\u00e9e \u00e0 un manche ergonomique en bois naturel, permet une r\u00e9ponse sensible et pr\u00e9cise aux champs d&#8217;\u00e9nergie invisibles. <\/p>\n<p data-start=\"669\" data-end=\"758\">La borne \u00e0 <strong data-start=\"684\" data-end=\"704\">bille \u00e9quilibr\u00e9e<\/strong> amplifie les micro-vibrations, ce qui la rend id\u00e9ale pour.. :<\/p>\n<ul data-start=\"759\" data-end=\"1107\">\n<li data-start=\"759\" data-end=\"825\">\n<p data-start=\"761\" data-end=\"825\">D\u00e9tection de l&#8217;eau <strong data-start=\"770\" data-end=\"791\">souterraine<\/strong> ou des veines d&#8217;eau (utilisation de la radiesth\u00e9sie)<\/p>\n<\/li>\n<li data-start=\"826\" data-end=\"905\">\n<p data-start=\"828\" data-end=\"905\">Cartographie des <strong data-start=\"836\" data-end=\"867\">r\u00e9seaux d&#8217;\u00e9nergie tellurique<\/strong> (Hartmann, Curry, Ley Lines)<\/p>\n<\/li>\n<li data-start=\"906\" data-end=\"973\">\n<p data-start=\"908\" data-end=\"973\">Effectuer des <strong data-start=\"917\" data-end=\"943\">recherches radiesth\u00e9siques<\/strong> sur des personnes, des objets, des environnements<\/p>\n<\/li>\n<li data-start=\"974\" data-end=\"1061\">\n<p data-start=\"976\" data-end=\"1061\">Utiliser le corps comme une <strong data-start=\"1001\" data-end=\"1021\">antenne psychique<\/strong> pour obtenir des r\u00e9ponses &#8220;oui\/non&#8221; ou des diagnostics subtils.<\/p>\n<\/li>\n<li data-start=\"1062\" data-end=\"1107\">\n<p data-start=\"1064\" data-end=\"1107\">Travaux spirituels, alchimiques et g\u00e9obiologiques<\/p>\n<\/li>\n<\/ul>\n<h3 data-start=\"1114\" data-end=\"1145\"><strong data-start=\"1121\" data-end=\"1145\">Sp\u00e9cifications techniques de la baguette Radiesthetic Bobber Wand :<\/strong><\/h3>\n<ul data-start=\"1147\" data-end=\"1516\">\n<li data-start=\"1147\" data-end=\"1188\">\n<p data-start=\"1149\" data-end=\"1188\"><strong data-start=\"1149\" data-end=\"1158\">Type :<\/strong> Baguette Radiesthetic Bobber<\/p>\n<\/li>\n<li data-start=\"1189\" data-end=\"1227\">\n<p data-start=\"1191\" data-end=\"1227\"><strong data-start=\"1191\" data-end=\"1212\">Longueur totale :<\/strong> 32 cm<\/p>\n<\/li>\n<li data-start=\"1228\" data-end=\"1293\">\n<p data-start=\"1230\" data-end=\"1293\"><strong data-start=\"1230\" data-end=\"1249\">Mat\u00e9riau de la tige :<\/strong> fibre m\u00e9tallique flexible\/acier harmonique<\/p>\n<\/li>\n<li data-start=\"1294\" data-end=\"1348\">\n<p data-start=\"1296\" data-end=\"1348\"><strong data-start=\"1296\" data-end=\"1312\">Manche :<\/strong> bois naturel tourn\u00e9, antid\u00e9rapant<\/p>\n<\/li>\n<li data-start=\"1349\" data-end=\"1412\">\n<p data-start=\"1351\" data-end=\"1412\"><strong data-start=\"1351\" data-end=\"1361\">Conseil :<\/strong> sph\u00e8re terminale en bois (ou mat\u00e9riau \u00e9quilibr\u00e9)<\/p>\n<\/li>\n<li data-start=\"1413\" data-end=\"1464\">\n<p data-start=\"1415\" data-end=\"1464\"><strong data-start=\"1415\" data-end=\"1424\">Poids :<\/strong> L\u00e9ger (optimal pour une utilisation prolong\u00e9e)<\/p>\n<\/li>\n<li data-start=\"1465\" data-end=\"1516\">\n<p data-start=\"1467\" data-end=\"1516\"><strong data-start=\"1467\" data-end=\"1483\">Sensibilit\u00e9 :<\/strong> r\u00e9ponse \u00e9lev\u00e9e aux micro-vibrations<\/p>\n<\/li>\n<\/ul>\n<h3 data-start=\"1523\" data-end=\"1548\"><strong data-start=\"1533\" data-end=\"1548\">Id\u00e9al pour :<\/strong><\/h3>\n<ul data-start=\"1549\" data-end=\"1813\">\n<li data-start=\"1549\" data-end=\"1603\">\n<p data-start=\"1551\" data-end=\"1603\">Les radiesth\u00e9sistes professionnels et les d\u00e9butants avanc\u00e9s<\/p>\n<\/li>\n<li data-start=\"1604\" data-end=\"1661\">\n<p data-start=\"1606\" data-end=\"1661\">Praticiens en \u00e9nergie (Reiki, Pranoth\u00e9rapie, G\u00e9obiologie)<\/p>\n<\/li>\n<li data-start=\"1662\" data-end=\"1708\">\n<p data-start=\"1664\" data-end=\"1708\">Les sp\u00e9cialistes de l&#8217;\u00e9sot\u00e9risme, de l&#8217;alchimie et de la g\u00e9omancie<\/p>\n<\/li>\n<li data-start=\"1709\" data-end=\"1739\">\n<p data-start=\"1711\" data-end=\"1739\">Qu\u00eate spirituelle personnelle<\/p>\n<\/li>\n<li data-start=\"1740\" data-end=\"1813\">\n<p data-start=\"1742\" data-end=\"1813\">Enqu\u00eate sur les sites sacr\u00e9s, les temples, les for\u00eats et les cercles d&#8217;\u00e9nergie<\/p>\n<\/li>\n<\/ul>\n<h3 data-start=\"1820\" data-end=\"1846\"><strong data-start=\"1826\" data-end=\"1846\">Notes \u00e9sot\u00e9riques :<\/strong><\/h3>\n<p data-start=\"1847\" data-end=\"2225\">Dans le langage<strong data-start=\"1867\" data-end=\"1880\">herm\u00e9tique<\/strong>, le Bobber peut \u00eatre consid\u00e9r\u00e9 comme une extension de l&#8217;esprit qui per\u00e7oit le <em data-start=\"1958\" data-end=\"1974\">tout vibrant<\/em>. Il r\u00e9pond aux principes de la <strong data-start=\"2008\" data-end=\"2034\">loi de vibration<\/strong> et de <strong data-start=\"2043\" data-end=\"2061\">correspondance<\/strong>: ce qui est en haut est comme ce qui est en bas. Avec l&#8217;entra\u00eenement, il devient un <strong data-start=\"2132\" data-end=\"2170\">pont entre le conscient et l&#8217;inconscient<\/strong>, entre ce qui est cach\u00e9 et ce qui peut \u00eatre r\u00e9v\u00e9l\u00e9.  <\/p>\n<h3 data-start=\"2232\" data-end=\"2270\">\ud83d\udce6 <strong data-start=\"2239\" data-end=\"2270\">Contenu du paquet :<\/strong><\/h3>\n<ul data-start=\"2271\" data-end=\"2383\">\n<li data-start=\"2271\" data-end=\"2305\">\n<p data-start=\"2273\" data-end=\"2305\">1x baguette de sourcier<\/p>\n<\/li>\n<li data-start=\"2341\" data-end=\"2383\">\n<p data-start=\"2343\" data-end=\"2383\">\u00c9tui de protection<\/p>\n<\/li>\n<\/ul>\n<h3 data-start=\"2390\" data-end=\"2417\"><strong data-start=\"2397\" data-end=\"2417\">Conseils d&#8217;utilisation :<\/strong><\/h3>\n<p data-start=\"2418\" data-end=\"2645\">Purifiez la baguette avec de l&#8217;encens ou de l&#8217;eau sal\u00e9e avant de l&#8217;utiliser. Centrez votre intention. A utiliser dans un environnement calme. Peut \u00eatre utilis\u00e9 sur des cartes, des photographies, ou directement sur le sol ou le corps. Faites confiance \u00e0 la r\u00e9ponse subtile.    <\/p>\n","protected":false},"excerpt":{"rendered":"<p>Baguette de radiesth\u00e9sie Bobber professionnelle Instrument de pr\u00e9cision pour la radiesth\u00e9sie, la recherche \u00e9nerg\u00e9tique et la radiesth\u00e9sie subtile La baguette Radiesthetic Bobber est un outil raffin\u00e9 con\u00e7u pour les \u00e9nerg\u00e9ticiens, les radiesth\u00e9sistes et les chercheurs de vibrations subtiles. Sa structure souple, associ\u00e9e \u00e0 un manche ergonomique en bois naturel, permet une r\u00e9ponse sensible et pr\u00e9cise [&hellip;]<\/p>\n","protected":false},"featured_media":52789,"comment_status":"open","ping_status":"closed","template":"","meta":{"_acf_changed":false},"product_brand":[],"product_cat":[4092],"product_tag":[],"class_list":{"0":"post-52790","1":"product","2":"type-product","3":"status-publish","4":"has-post-thumbnail","6":"product_cat-radiesthesie","8":"first","9":"instock","10":"shipping-taxable","11":"purchasable","12":"product-type-simple"},"acf":[],"_links":{"self":[{"href":"https:\/\/www.seleneshop.net\/fr\/wp-json\/wp\/v2\/product\/52790","targetHints":{"allow":["GET"]}}],"collection":[{"href":"https:\/\/www.seleneshop.net\/fr\/wp-json\/wp\/v2\/product"}],"about":[{"href":"https:\/\/www.seleneshop.net\/fr\/wp-json\/wp\/v2\/types\/product"}],"replies":[{"embeddable":true,"href":"https:\/\/www.seleneshop.net\/fr\/wp-json\/wp\/v2\/comments?post=52790"}],"wp:featuredmedia":[{"embeddable":true,"href":"https:\/\/www.seleneshop.net\/fr\/wp-json\/wp\/v2\/media\/52789"}],"wp:attachment":[{"href":"https:\/\/www.seleneshop.net\/fr\/wp-json\/wp\/v2\/media?parent=52790"}],"wp:term":[{"taxonomy":"product_brand","embeddable":true,"href":"https:\/\/www.seleneshop.net\/fr\/wp-json\/wp\/v2\/product_brand?post=52790"},{"taxonomy":"product_cat","embeddable":true,"href":"https:\/\/www.seleneshop.net\/fr\/wp-json\/wp\/v2\/product_cat?post=52790"},{"taxonomy":"product_tag","embeddable":true,"href":"https:\/\/www.seleneshop.net\/fr\/wp-json\/wp\/v2\/product_tag?post=52790"}],"curies":[{"name":"wp","href":"https:\/\/api.w.org\/{rel}","templated":true}]}}